{"id":3757,"date":"2016-01-31T20:26:08","date_gmt":"2016-01-31T19:26:08","guid":{"rendered":"http:\/\/www.sommercamp-wiedermann.at\/?page_id=3757"},"modified":"2025-10-03T12:58:59","modified_gmt":"2025-10-03T10:58:59","slug":"packliste","status":"publish","type":"page","link":"https:\/\/www.sommercamp-wiedermann.at\/?page_id=3757","title":{"rendered":"Packliste"},"content":{"rendered":"<div class=\"col-md-6\"><strong>Mitbringen<\/strong><br \/>\n3 T-Shirt\u00b4s<br \/>\n3 langarm Shirt\u00b4s<br \/>\n2 Pullover<br \/>\n2 lange Hosen<br \/>\n2 Shorts<br \/>\nUnterw\u00e4sche<br \/>\nBadesachen, Badetuch<br \/>\nZahnpasta, -b\u00fcrste<br \/>\n2 Paar feste Schuhe<br \/>\nRegenschutz<br \/>\nSchlafsack<br \/>\nPolster<br \/>\nTrinkflasche<br \/>\nKleiner Rucksack<br \/>\neventuell: Schnitzmesser, Lesestoff, Stofftier, Gesellschaftsspiel<\/div>\n<div>&nbsp;<\/div>\n<div class=\"col-md-6\"><strong>Zu Hause lassen<\/strong><br \/>\nHandy<br \/>\ni-pod<br \/>\nUhren<br \/>\nGameboy, Nintendo<br \/>\nGeld<br \/>\nS\u00fc\u00dfigkeiten<br \/>\nS\u00fc\u00dfe Getr\u00e4nke<br \/>\nSchminkutensilien<\/div>\n","protected":false},"excerpt":{"rendered":"<p class=\"excerpt\">Mitbringen 3 T-Shirt\u00b4s 3 langarm Shirt\u00b4s 2 Pullover 2 lange Hosen 2 Shorts Unterw\u00e4sche Badesachen, Badetuch Zahnpasta, -b\u00fcrste 2 Paar feste Schuhe Regenschutz Schlafsack Polster Trinkflasche Kleiner Rucksack eventuell: Schnitzmesser, Lesestoff, Stofftier, Gesellschaftsspiel &nbsp; Zu Hause lassen Handy i-pod Uhren Gameboy, Nintendo Geld S\u00fc\u00dfigkeiten S\u00fc\u00dfe Getr\u00e4nke Schminkutensilien <a href=\"https:\/\/www.sommercamp-wiedermann.at\/?page_id=3757\">Read more &rarr;<\/a><\/p>\n","protected":false},"author":1,"featured_media":0,"parent":0,"menu_order":0,"comment_status":"closed","ping_status":"closed","template":"","meta":{"ngg_post_thumbnail":0,"footnotes":""},"class_list":["post-3757","page","type-page","status-publish","hentry","xfolkentry"],"_links":{"self":[{"href":"https:\/\/www.sommercamp-wiedermann.at\/index.php?rest_route=\/wp\/v2\/pages\/3757","targetHints":{"allow":["GET"]}}],"collection":[{"href":"https:\/\/www.sommercamp-wiedermann.at\/index.php?rest_route=\/wp\/v2\/pages"}],"about":[{"href":"https:\/\/www.sommercamp-wiedermann.at\/index.php?rest_route=\/wp\/v2\/types\/page"}],"author":[{"embeddable":true,"href":"https:\/\/www.sommercamp-wiedermann.at\/index.php?rest_route=\/wp\/v2\/users\/1"}],"replies":[{"embeddable":true,"href":"https:\/\/www.sommercamp-wiedermann.at\/index.php?rest_route=%2Fwp%2Fv2%2Fcomments&post=3757"}],"version-history":[{"count":5,"href":"https:\/\/www.sommercamp-wiedermann.at\/index.php?rest_route=\/wp\/v2\/pages\/3757\/revisions"}],"predecessor-version":[{"id":5594,"href":"https:\/\/www.sommercamp-wiedermann.at\/index.php?rest_route=\/wp\/v2\/pages\/3757\/revisions\/5594"}],"wp:attachment":[{"href":"https:\/\/www.sommercamp-wiedermann.at\/index.php?rest_route=%2Fwp%2Fv2%2Fmedia&parent=3757"}],"curies":[{"name":"wp","href":"https:\/\/api.w.org\/{rel}","templated":true}]}}