{"id":3500,"date":"2015-11-28T00:41:06","date_gmt":"2015-11-27T23:41:06","guid":{"rendered":"http:\/\/www.sommercamp-wiedermann.at\/?page_id=3500"},"modified":"2025-09-10T13:02:06","modified_gmt":"2025-09-10T11:02:06","slug":"impressum","status":"publish","type":"page","link":"https:\/\/www.sommercamp-wiedermann.at\/?page_id=3500","title":{"rendered":"Impressum"},"content":{"rendered":"<hr>\n<p><strong>Sabine&nbsp;Wiedermann<\/strong><\/p>\n<p>Hauptstrasse&nbsp;8<br \/>\n2113&nbsp;Karnabrunn<\/p>\n<p><strong>0676\/&nbsp;70&nbsp;88&nbsp;149<\/strong><br \/>\n<a href=\"mailto:s.kontakt@sabine-wiedermann.at\">kontakt@sabine-wiedermann.at<\/a><\/p>\n<hr>\n<p><iframe src=\"https:\/\/www.google.com\/maps\/embed?pb=!1m14!1m8!1m3!1d2645.783472410782!2d16.3691292!3d48.4606839!3m2!1i1024!2i768!4f13.1!3m3!1m2!1s0x476d1697321a9a99%3A0xc5fcd7c055798987!2sHauptstra%C3%9Fe%208%2C%202113!5e0!3m2!1sde!2sat!4v1757502077060!5m2!1sde!2sat\" width=\"740\" height=\"550\" style=\"border:0;\" allowfullscreen=\"\" loading=\"lazy\" referrerpolicy=\"no-referrer-when-downgrade\"><\/iframe><\/p>\n<hr>\n<p>Ich verf\u00fcge \u00fcber keinen Einfluss auf aktuelle und zuk\u00fcnftige Gestaltung, Inhalte oder das Copyright der verlinkten Webseiten. Somit \u00fcbernehme ich keinerlei Haftung f\u00fcr den Inhalt dieser Weblinks.<\/p>\n","protected":false},"excerpt":{"rendered":"<p class=\"excerpt\">Sabine&nbsp;Wiedermann Hauptstrasse&nbsp;8 2113&nbsp;Karnabrunn 0676\/&nbsp;70&nbsp;88&nbsp;149 kontakt@sabine-wiedermann.at Ich verf\u00fcge \u00fcber keinen Einfluss auf aktuelle und zuk\u00fcnftige Gestaltung, Inhalte oder das Copyright der verlinkten Webseiten. Somit \u00fcbernehme ich keinerlei Haftung f\u00fcr den Inhalt dieser Weblinks. <a href=\"https:\/\/www.sommercamp-wiedermann.at\/?page_id=3500\">Read more &rarr;<\/a><\/p>\n","protected":false},"author":1,"featured_media":0,"parent":0,"menu_order":0,"comment_status":"closed","ping_status":"closed","template":"","meta":{"ngg_post_thumbnail":0,"footnotes":""},"class_list":["post-3500","page","type-page","status-publish","hentry","xfolkentry"],"_links":{"self":[{"href":"https:\/\/www.sommercamp-wiedermann.at\/index.php?rest_route=\/wp\/v2\/pages\/3500","targetHints":{"allow":["GET"]}}],"collection":[{"href":"https:\/\/www.sommercamp-wiedermann.at\/index.php?rest_route=\/wp\/v2\/pages"}],"about":[{"href":"https:\/\/www.sommercamp-wiedermann.at\/index.php?rest_route=\/wp\/v2\/types\/page"}],"author":[{"embeddable":true,"href":"https:\/\/www.sommercamp-wiedermann.at\/index.php?rest_route=\/wp\/v2\/users\/1"}],"replies":[{"embeddable":true,"href":"https:\/\/www.sommercamp-wiedermann.at\/index.php?rest_route=%2Fwp%2Fv2%2Fcomments&post=3500"}],"version-history":[{"count":12,"href":"https:\/\/www.sommercamp-wiedermann.at\/index.php?rest_route=\/wp\/v2\/pages\/3500\/revisions"}],"predecessor-version":[{"id":5563,"href":"https:\/\/www.sommercamp-wiedermann.at\/index.php?rest_route=\/wp\/v2\/pages\/3500\/revisions\/5563"}],"wp:attachment":[{"href":"https:\/\/www.sommercamp-wiedermann.at\/index.php?rest_route=%2Fwp%2Fv2%2Fmedia&parent=3500"}],"curies":[{"name":"wp","href":"https:\/\/api.w.org\/{rel}","templated":true}]}}