{"id":24,"date":"2015-11-27T14:43:40","date_gmt":"2015-11-27T13:43:40","guid":{"rendered":"http:\/\/www.sommercamp-wiedermann.at\/?page_id=24"},"modified":"2015-11-29T13:47:42","modified_gmt":"2015-11-29T12:47:42","slug":"gaestebuch","status":"publish","type":"page","link":"https:\/\/www.sommercamp-wiedermann.at\/?page_id=24","title":{"rendered":"G\u00e4stebuch"},"content":{"rendered":"<p>Ich freue mich auf zahlreiche Eintr\u00e4ge!<br \/>\n<div class=\"gwolle-gb\"><div class=\"gwolle-gb-messages-top-container\"><\/div>\n\t\t\t<div class=\"gwolle-gb-write-button\">\n\t\t\t\t<input type=\"button\" name=\"gwolle-gb-write-button\" class=\"button btn btn-default \" value=\"Neuen Eintrag schreiben\" aria-expanded=\"false\" \/>\n\t\t\t<\/div>\n\t\t\t<form action=\"#\" method=\"POST\" class=\"gwolle-gb-write gwolle-gb-hide gwolle-gb-form-ajax gwolle-gb-ajax gwolle-gb-not-logged-in\">\n\t\t\t\t<h3>Schreibe einen G\u00e4stebuch Eintrag<\/h3>\n\t\t\t\t<button type=\"button\" class=\"gb-notice-dismiss\">x<span class=\"screen-reader-text\">Dieses Formular ausblenden<\/span><\/button>\n\t\t\t\n\t\t\t\t<input type=\"hidden\" name=\"gwolle_gb_function\" class=\"gwolle_gb_function\" value=\"add_entry\" \/><input type=\"hidden\" name=\"gwolle_gb_book_id\" class=\"gwolle_gb_book_id\" value=\"1\" \/><div class=\"gwolle_gb_1951ad9bd2380d1e460a58e5124ff23c\">\n\t\t\t\t<div class=\"label\"><label for=\"gwolle_gb_1951ad9bd2380d1e460a58e5124ff23c-1\" class=\"text-info\">Name <span class=\"required\">*<\/span><\/label><\/div>\n\t\t\t\t<div class=\"input\"><input class=\"wp-exclude-emoji gwolle_gb_1951ad9bd2380d1e460a58e5124ff23c\" value=\"\" type=\"text\" id=\"gwolle_gb_1951ad9bd2380d1e460a58e5124ff23c-1\" name=\"gwolle_gb_1951ad9bd2380d1e460a58e5124ff23c\" required \/><\/div>\n\t\t\t\t<div class=\"clearBoth\">&nbsp;<\/div>\n\t\t\t<\/div>\n\t\t\t<div class=\"gwolle_gb_149d8e16d60ec890000c324e5466de60\" style=\"display:none;overflow:hidden;\" hidden=\"true\" aria-hidden=\"true\">\n\t\t\t\t<div class=\"label\">\n\t\t\t\t\t<label for=\"gwolle_gb_149d8e16d60ec890000c324e5466de60-1\" class=\"text-primary\">Hier nichts eingeben<\/label>\n\t\t\t\t\t<label for=\"gwolle_gb_255cbad7d68261d317225741285e1642-1\" class=\"text-primary\">Hier nichts eingeben<\/label>\n\t\t\t\t<\/div>\n\t\t\t\t<div class=\"input\">\n\t\t\t\t\t<input value=\"8\" type=\"text\" id=\"gwolle_gb_149d8e16d60ec890000c324e5466de60-1\" name=\"gwolle_gb_149d8e16d60ec890000c324e5466de60\" class=\"gwolle_gb_149d8e16d60ec890000c324e5466de60\" style=\"transform: translateY(10000px);\" \/>\n\t\t\t\t\t<input value=\"\" type=\"text\" name=\"gwolle_gb_255cbad7d68261d317225741285e1642\" id=\"gwolle_gb_255cbad7d68261d317225741285e1642-1\" class=\"gwolle_gb_255cbad7d68261d317225741285e1642\" style=\"transform: translateY(10000px);\" \/>\n\t\t\t\t<\/div>\n\t\t\t\t<div class=\"clearBoth\"><\/div>\n\t\t\t<\/div>\n\t\t\t<div class=\"gwolle_gb_45c8d1b6d674b435d94c5df03762fb94\" style=\"display:none;overflow:hidden;\" hidden=\"true\" aria-hidden=\"true\">\n\t\t\t\t<div class=\"label\">\n\t\t\t\t\t<label for=\"gwolle_gb_45c8d1b6d674b435d94c5df03762fb94-1\" class=\"text-primary\">Hier nichts eingeben<\/label>\n\t\t\t\t\t<label for=\"gwolle_gb_c8b4d0acc9bda840d7ed0a191ec04bcd-1\" class=\"text-primary\">Hier nichts eingeben<\/label>\n\t\t\t\t<\/div>\n\t\t\t\t<div class=\"input\">\n\t\t\t\t\t<input value=\"13606\" type=\"text\" id=\"gwolle_gb_45c8d1b6d674b435d94c5df03762fb94-1\" name=\"gwolle_gb_45c8d1b6d674b435d94c5df03762fb94\" class=\"gwolle_gb_45c8d1b6d674b435d94c5df03762fb94\" style=\"transform: translateY(10000px);\" \/>\n\t\t\t\t\t<input value=\"13606\" type=\"text\"id=\"gwolle_gb_c8b4d0acc9bda840d7ed0a191ec04bcd-1\" name=\"gwolle_gb_c8b4d0acc9bda840d7ed0a191ec04bcd\" class=\"gwolle_gb_c8b4d0acc9bda840d7ed0a191ec04bcd\" style=\"transform: translateY(10000px);\" \/>\n\t\t\t\t<\/div>\n\t\t\t\t<div class=\"clearBoth\"><\/div>\n\t\t\t<\/div><div class=\"gwolle_gb_content\">\n\t\t\t\t<div class=\"label\"><label for=\"gwolle_gb_content-1\" class=\"text-info\">G\u00e4stebucheintrag <span class=\"required\">*<\/span><\/label><\/div>\n\t\t\t\t<div class=\"input\"><textarea id=\"gwolle_gb_content-1\" name=\"gwolle_gb_content\" class=\"gwolle_gb_content wp-exclude-emoji\" required ><\/textarea><\/div>\n\t\t\t\t\t<div class=\"clearBoth\">&nbsp;<\/div>\n\t\t\t\t<\/div><input type=\"hidden\" class=\"gwolle_gb_c233bb6858d9f8900593fccdbb9da8f5\" id=\"gwolle_gb_c233bb6858d9f8900593fccdbb9da8f5-1\" name=\"gwolle_gb_c233bb6858d9f8900593fccdbb9da8f5\" value=\"5edfca9318\" \/>\n\t\t\t<div class=\"gwolle-gb-messages-bottom-container\"><\/div>\n\n\t\t\t<noscript><div class=\"no-js\">Warnung: Dieses Formular kann nur verwendet werden, wenn in deinem Browser JavaScript aktiviert ist.<\/div><\/noscript>\n\n\t\t\t<div class=\"gwolle_gb_submit gwolle-gb-submit\">\n\t\t\t\t<div class=\"label gwolle-gb-invisible text-muted\">&nbsp;<\/div>\n\t\t\t\t<div class=\"input\">\n\t\t\t\t\t<input type=\"submit\" name=\"gwolle_gb_submit\" class=\"gwolle_gb_submit button btn btn-primary \" value=\"Absenden\" \/>\n\t\t\t\t\t<span class=\"gwolle_gb_submit_ajax_icon gwolle-gb-submit-ajax-icon\"><\/span>\n\t\t\t\n\t\t\t\t<\/div>\n\t\t\t\t<div class=\"clearBoth\">&nbsp;<\/div>\n\t\t\t<\/div>\n\n\t\t\t<div class=\"gwolle_gb_notice gwolle-gb-notice\">\n\t\t\t\tAlle Eingabefelder sind Pflichtfelder.\n\t\t\t<\/div><\/form>\n\t\t\t\t<div class=\"page-navigation\">\n\t\t\t\t\t<span class=\"screen-reader-text\">Navigation der G\u00e4stebuchliste<\/span><span class=\"page-numbers current\">1<\/span><a href=\"https:\/\/www.sommercamp-wiedermann.at\/?page_id=24&pageNum=2\" title=\"Seite 2\">2<\/a><a href=\"https:\/\/www.sommercamp-wiedermann.at\/?page_id=24&pageNum=3\" title=\"Seite 3\">3<\/a><a href=\"https:\/\/www.sommercamp-wiedermann.at\/?page_id=24&pageNum=4\" title=\"Seite 4\">4<\/a><a href=\"https:\/\/www.sommercamp-wiedermann.at\/?page_id=24&pageNum=5\" title=\"Seite 5\">5<\/a><span class=\"page-numbers dots\">...<\/span><a href=\"https:\/\/www.sommercamp-wiedermann.at\/?page_id=24&pageNum=17\" title=\"Seite 17\">17<\/a><a href=\"https:\/\/www.sommercamp-wiedermann.at\/?page_id=24&pageNum=2\" title=\"N\u00e4chste Seite\" rel=\"next\">&rarr;<\/a><\/div>\n\t\t<div class=\"gwolle-gb-read gwolle-gb-ajax gwolle-gb-entries-list\" data-book_id=\"1\" data-page_id=\"1\">\n\t\t<div id=\"gwolle-gb-total\" class=\"gwolle-gb-total\">167 Eintr\u00e4ge<\/div><!-- Gwolle-GB Entry: Default Template Loaded -->\n\t\t\t\t<div class=\"gb-entry gb-entry_516 gb-entry-count_1 gwolle-gb-uneven gwolle-gb-first\" id=\"gb-entry_516\" data-entry_id=\"516\">\n\t\t\t\t<article>\n\t\t\t\t\t<div class=\"gb-author-info\">\n\t\t\t\t\t\t<span class=\"gb-author-name\">Steffi\n\t\t\t\t\t\t<\/span>\n\t\t\t\t\t\t<span class=\"gb-datetime\">\n\t\t\t\t\t\t\t<span class=\"gb-date\"><span class=\"gb-date-wrote-text\"> schrieb am<\/span><span class=\"gb-date-text\"> 26. Juni 2025<\/span>\n\t\t\t\t\t\t\t<\/span><span class=\"gb-time\">\n\t\t\t\t\t\t\t\t\t<span class=\"gb-time-at-text\"> um<\/span>\n\t\t\t\t\t\t\t\t\t<span class=\"gb-time-text\"> 14:15<\/span>\n\t\t\t\t\t\t\t\t<\/span>\n\t\t\t\t\t\t<\/span> \n\t\t\t\t\t<\/div>\n\t\t\t\t\t<div class=\"gb-entry-content\">Nur noch ein paar Tage, dann ist es soweit und die erste Campwoche startet! Ich w\u00fcnsche allen morgen einen sch\u00f6nen letzten Schultag und freu mich schon auf die Campwochen mit euch!\r\nBussi Steffi\n\t\t\t\t\t<\/div>\n\t\t\t\t<\/article>\n\t\t\t<\/div>\n\t\t\t<div class=\"gb-entry gb-entry_510 gb-entry-count_2 gwolle-gb-even\" id=\"gb-entry_510\" data-entry_id=\"510\">\n\t\t\t\t<article>\n\t\t\t\t\t<div class=\"gb-author-info\">\n\t\t\t\t\t\t<span class=\"gb-author-name\">Philipp\n\t\t\t\t\t\t<\/span>\n\t\t\t\t\t\t<span class=\"gb-datetime\">\n\t\t\t\t\t\t\t<span class=\"gb-date\"><span class=\"gb-date-wrote-text\"> schrieb am<\/span><span class=\"gb-date-text\"> 30. September 2023<\/span>\n\t\t\t\t\t\t\t<\/span><span class=\"gb-time\">\n\t\t\t\t\t\t\t\t\t<span class=\"gb-time-at-text\"> um<\/span>\n\t\t\t\t\t\t\t\t\t<span class=\"gb-time-text\"> 20:31<\/span>\n\t\t\t\t\t\t\t\t<\/span>\n\t\t\t\t\t\t<\/span> \n\t\t\t\t\t<\/div>\n\t\t\t\t\t<div class=\"gb-entry-content\">Ich freu mich schon aufs n\u00e4chste Jahr\ud83d\ude01\ud83d\ude06\n\t\t\t\t\t<\/div>\n\t\t\t\t<\/article>\n\t\t\t<\/div>\n\t\t\t<div class=\"gb-entry gb-entry_509 gb-entry-count_3 gwolle-gb-uneven\" id=\"gb-entry_509\" data-entry_id=\"509\">\n\t\t\t\t<article>\n\t\t\t\t\t<div class=\"gb-author-info\">\n\t\t\t\t\t\t<span class=\"gb-author-name\">Valentin\n\t\t\t\t\t\t<\/span>\n\t\t\t\t\t\t<span class=\"gb-datetime\">\n\t\t\t\t\t\t\t<span class=\"gb-date\"><span class=\"gb-date-wrote-text\"> schrieb am<\/span><span class=\"gb-date-text\"> 4. Mai 2023<\/span>\n\t\t\t\t\t\t\t<\/span><span class=\"gb-time\">\n\t\t\t\t\t\t\t\t\t<span class=\"gb-time-at-text\"> um<\/span>\n\t\t\t\t\t\t\t\t\t<span class=\"gb-time-text\"> 20:35<\/span>\n\t\t\t\t\t\t\t\t<\/span>\n\t\t\t\t\t\t<\/span> \n\t\t\t\t\t<\/div>\n\t\t\t\t\t<div class=\"gb-entry-content\">Ich Valentin freue mich schon sehr auf das 5te Mal Sommercamp. Nat\u00fcrlich ist es jedes Mal ein Vergn\u00fcgen die Zeit mit euch zu verbringen. LG Valentin\n\t\t\t\t\t<\/div>\n\t\t\t\t<\/article>\n\t\t\t<\/div>\n\t\t\t<div class=\"gb-entry gb-entry_505 gb-entry-count_4 gwolle-gb-even\" id=\"gb-entry_505\" data-entry_id=\"505\">\n\t\t\t\t<article>\n\t\t\t\t\t<div class=\"gb-author-info\">\n\t\t\t\t\t\t<span class=\"gb-author-name\">Eli\n\t\t\t\t\t\t<\/span>\n\t\t\t\t\t\t<span class=\"gb-datetime\">\n\t\t\t\t\t\t\t<span class=\"gb-date\"><span class=\"gb-date-wrote-text\"> schrieb am<\/span><span class=\"gb-date-text\"> 13. Juli 2022<\/span>\n\t\t\t\t\t\t\t<\/span><span class=\"gb-time\">\n\t\t\t\t\t\t\t\t\t<span class=\"gb-time-at-text\"> um<\/span>\n\t\t\t\t\t\t\t\t\t<span class=\"gb-time-text\"> 14:25<\/span>\n\t\t\t\t\t\t\t\t<\/span>\n\t\t\t\t\t\t<\/span> \n\t\t\t\t\t<\/div>\n\t\t\t\t\t<div class=\"gb-entry-content\">Ich freu mich schon total auf die Geschwisterwoche!! Nurmehr 3 Wochen bis zur besten Woche des Jahres, juhu! \nPhilipp und ich sind sowas von bereit!! Liebe &lt;3\n\t\t\t\t\t<\/div>\n\t\t\t\t<\/article>\n\t\t\t<\/div>\n\t\t\t<div class=\"gb-entry gb-entry_503 gb-entry-count_5 gwolle-gb-uneven admin-entry\" id=\"gb-entry_503\" data-entry_id=\"503\">\n\t\t\t\t<article>\n\t\t\t\t\t<div class=\"gb-author-info\">\n\t\t\t\t\t\t<span class=\"gb-author-name\"><i class=\"gb-moderator\">s@bine<\/i>\n\t\t\t\t\t\t<\/span>\n\t\t\t\t\t\t<span class=\"gb-datetime\">\n\t\t\t\t\t\t\t<span class=\"gb-date\"><span class=\"gb-date-wrote-text\"> schrieb am<\/span><span class=\"gb-date-text\"> 16. Juni 2021<\/span>\n\t\t\t\t\t\t\t<\/span><span class=\"gb-time\">\n\t\t\t\t\t\t\t\t\t<span class=\"gb-time-at-text\"> um<\/span>\n\t\t\t\t\t\t\t\t\t<span class=\"gb-time-text\"> 9:32<\/span>\n\t\t\t\t\t\t\t\t<\/span>\n\t\t\t\t\t\t<\/span> \n\t\t\t\t\t<\/div>\n\t\t\t\t\t<div class=\"gb-entry-content\">Endlich wieder Sommer! Ich freue mich schon so auf euch. Der Garten wird gr\u00fcn, die H\u00fctte bunt und die Eink\u00e4ufe immer mehr. Alles ist in Vorbereitung. Dieses Jahr brauchen wir nicht mehr Fieber messen. Bis bald und bitte, bringt viel gute Laune mit!\nSabine\n\t\t\t\t\t<\/div>\n\t\t\t\t<\/article>\n\t\t\t<\/div>\n\t\t\t<div class=\"gb-entry gb-entry_502 gb-entry-count_6 gwolle-gb-even\" id=\"gb-entry_502\" data-entry_id=\"502\">\n\t\t\t\t<article>\n\t\t\t\t\t<div class=\"gb-author-info\">\n\t\t\t\t\t\t<span class=\"gb-author-name\">Steffi\n\t\t\t\t\t\t<\/span>\n\t\t\t\t\t\t<span class=\"gb-datetime\">\n\t\t\t\t\t\t\t<span class=\"gb-date\"><span class=\"gb-date-wrote-text\"> schrieb am<\/span><span class=\"gb-date-text\"> 28. Mai 2021<\/span>\n\t\t\t\t\t\t\t<\/span><span class=\"gb-time\">\n\t\t\t\t\t\t\t\t\t<span class=\"gb-time-at-text\"> um<\/span>\n\t\t\t\t\t\t\t\t\t<span class=\"gb-time-text\"> 10:26<\/span>\n\t\t\t\t\t\t\t\t<\/span>\n\t\t\t\t\t\t<\/span> \n\t\t\t\t\t<\/div>\n\t\t\t\t\t<div class=\"gb-entry-content\">In 6 Wochen ist es soweit - das Sommercamp startet!!!!\nNach diesem anstrengenden und herausfordernden Jahr freue ich mich  umso mehr auf die Campwochen - endlich wieder ein bisschen Normalit\u00e4t!\nIch w\u00fcnsche euch f\u00fcr die letzten Schulwochen alles gute und viel Kraft - bald habt ihr es geschafft \ud83d\ude09\nBis bald\nSteffi\n\t\t\t\t\t<\/div>\n\t\t\t\t<\/article>\n\t\t\t<\/div>\n\t\t\t<div class=\"gb-entry gb-entry_501 gb-entry-count_7 gwolle-gb-uneven\" id=\"gb-entry_501\" data-entry_id=\"501\">\n\t\t\t\t<article>\n\t\t\t\t\t<div class=\"gb-author-info\">\n\t\t\t\t\t\t<span class=\"gb-author-name\">Cathy\n\t\t\t\t\t\t<\/span>\n\t\t\t\t\t\t<span class=\"gb-datetime\">\n\t\t\t\t\t\t\t<span class=\"gb-date\"><span class=\"gb-date-wrote-text\"> schrieb am<\/span><span class=\"gb-date-text\"> 27. Mai 2021<\/span>\n\t\t\t\t\t\t\t<\/span><span class=\"gb-time\">\n\t\t\t\t\t\t\t\t\t<span class=\"gb-time-at-text\"> um<\/span>\n\t\t\t\t\t\t\t\t\t<span class=\"gb-time-text\"> 12:59<\/span>\n\t\t\t\t\t\t\t\t<\/span>\n\t\t\t\t\t\t<\/span> \n\t\t\t\t\t<\/div>\n\t\t\t\t\t<div class=\"gb-entry-content\">Hallo Jungs, bald ist es wieder soweit und die Camps starten wir freuen uns schon auf euch das wir wieder viel Spass und gute Laune haben mit euch. Bis bald cathy\n\t\t\t\t\t<\/div>\n\t\t\t\t<\/article>\n\t\t\t<\/div>\n\t\t\t<div class=\"gb-entry gb-entry_493 gb-entry-count_8 gwolle-gb-even\" id=\"gb-entry_493\" data-entry_id=\"493\">\n\t\t\t\t<article>\n\t\t\t\t\t<div class=\"gb-author-info\">\n\t\t\t\t\t\t<span class=\"gb-author-name\">Sabine\n\t\t\t\t\t\t<\/span>\n\t\t\t\t\t\t<span class=\"gb-datetime\">\n\t\t\t\t\t\t\t<span class=\"gb-date\"><span class=\"gb-date-wrote-text\"> schrieb am<\/span><span class=\"gb-date-text\"> 22. Juni 2020<\/span>\n\t\t\t\t\t\t\t<\/span><span class=\"gb-time\">\n\t\t\t\t\t\t\t\t\t<span class=\"gb-time-at-text\"> um<\/span>\n\t\t\t\t\t\t\t\t\t<span class=\"gb-time-text\"> 13:50<\/span>\n\t\t\t\t\t\t\t\t<\/span>\n\t\t\t\t\t\t<\/span> \n\t\t\t\t\t<\/div>\n\t\t\t\t\t<div class=\"gb-entry-content\">Lange Zeit war nicht sicher, ob es 2020 Sommercamps geben wird. Aber jetzt ist es fix, die Camps starten in zwei Wochen und wir sind alle sehr gl\u00fccklich dar\u00fcber. Die H\u00fctte ist hergerichtet, die Zelte werden aufgestellt und der Garten auf Vordermann gebracht. Wir stecken schon voll in den Vorbereitungen und k\u00f6nnen es gar nicht mehr erwarten ... an alle Camper, bis bald und g\u00b4sund bleiben!\n\t\t\t\t\t<\/div>\n\t\t\t\t<\/article>\n\t\t\t<\/div>\n\t\t\t<div class=\"gb-entry gb-entry_456 gb-entry-count_9 gwolle-gb-uneven\" id=\"gb-entry_456\" data-entry_id=\"456\">\n\t\t\t\t<article>\n\t\t\t\t\t<div class=\"gb-author-info\">\n\t\t\t\t\t\t<span class=\"gb-author-name\">Steffi & Penny\n\t\t\t\t\t\t<\/span>\n\t\t\t\t\t\t<span class=\"gb-datetime\">\n\t\t\t\t\t\t\t<span class=\"gb-date\"><span class=\"gb-date-wrote-text\"> schrieb am<\/span><span class=\"gb-date-text\"> 21. Juni 2019<\/span>\n\t\t\t\t\t\t\t<\/span><span class=\"gb-time\">\n\t\t\t\t\t\t\t\t\t<span class=\"gb-time-at-text\"> um<\/span>\n\t\t\t\t\t\t\t\t\t<span class=\"gb-time-text\"> 8:31<\/span>\n\t\t\t\t\t\t\t\t<\/span>\n\t\t\t\t\t\t<\/span> \n\t\t\t\t\t<\/div>\n\t\t\t\t\t<div class=\"gb-entry-content\">Bald ist es soweit ?\nIch w\u00fcnsche euch eine sch\u00f6ne letzte Schulwoche!\nPenny (unser neuer 4-beiniger Zuwachs) und ich freuen uns schon auf die Camp Wochen mit euch ?\n\t\t\t\t\t<\/div>\n\t\t\t\t<\/article>\n\t\t\t<\/div>\n\t\t\t<div class=\"gb-entry gb-entry_453 gb-entry-count_10 gwolle-gb-even\" id=\"gb-entry_453\" data-entry_id=\"453\">\n\t\t\t\t<article>\n\t\t\t\t\t<div class=\"gb-author-info\">\n\t\t\t\t\t\t<span class=\"gb-author-name\">Sabine\n\t\t\t\t\t\t<\/span>\n\t\t\t\t\t\t<span class=\"gb-datetime\">\n\t\t\t\t\t\t\t<span class=\"gb-date\"><span class=\"gb-date-wrote-text\"> schrieb am<\/span><span class=\"gb-date-text\"> 30. M\u00e4rz 2019<\/span>\n\t\t\t\t\t\t\t<\/span><span class=\"gb-time\">\n\t\t\t\t\t\t\t\t\t<span class=\"gb-time-at-text\"> um<\/span>\n\t\t\t\t\t\t\t\t\t<span class=\"gb-time-text\"> 11:26<\/span>\n\t\t\t\t\t\t\t\t<\/span>\n\t\t\t\t\t\t<\/span> \n\t\t\t\t\t<\/div>\n\t\t\t\t\t<div class=\"gb-entry-content\">Noch drei Monate, dann ist es wieder soweit. Ich freue mich schon sehr auf alle unsere G\u00e4ste im Sommercamp!\n\t\t\t\t\t<\/div>\n\t\t\t\t<\/article>\n\t\t\t<\/div>\n\t\t\t<\/div>\n\t\t\t\t<div class=\"page-navigation\">\n\t\t\t\t\t<span class=\"screen-reader-text\">Navigation der G\u00e4stebuchliste<\/span><span class=\"page-numbers current\">1<\/span><a href=\"https:\/\/www.sommercamp-wiedermann.at\/?page_id=24&pageNum=2\" title=\"Seite 2\">2<\/a><a href=\"https:\/\/www.sommercamp-wiedermann.at\/?page_id=24&pageNum=3\" title=\"Seite 3\">3<\/a><a href=\"https:\/\/www.sommercamp-wiedermann.at\/?page_id=24&pageNum=4\" title=\"Seite 4\">4<\/a><a href=\"https:\/\/www.sommercamp-wiedermann.at\/?page_id=24&pageNum=5\" title=\"Seite 5\">5<\/a><span class=\"page-numbers dots\">...<\/span><a href=\"https:\/\/www.sommercamp-wiedermann.at\/?page_id=24&pageNum=17\" title=\"Seite 17\">17<\/a><a href=\"https:\/\/www.sommercamp-wiedermann.at\/?page_id=24&pageNum=2\" title=\"N\u00e4chste Seite\" rel=\"next\">&rarr;<\/a><\/div>\n\t\t<\/div><\/p>\n","protected":false},"excerpt":{"rendered":"<p class=\"excerpt\">Ich freue mich auf zahlreiche Eintr\u00e4ge! <a href=\"https:\/\/www.sommercamp-wiedermann.at\/?page_id=24\">Read more &rarr;<\/a><\/p>\n","protected":false},"author":1,"featured_media":0,"parent":0,"menu_order":0,"comment_status":"closed","ping_status":"closed","template":"","meta":{"ngg_post_thumbnail":0,"footnotes":""},"class_list":["post-24","page","type-page","status-publish","hentry","xfolkentry"],"_links":{"self":[{"href":"https:\/\/www.sommercamp-wiedermann.at\/index.php?rest_route=\/wp\/v2\/pages\/24","targetHints":{"allow":["GET"]}}],"collection":[{"href":"https:\/\/www.sommercamp-wiedermann.at\/index.php?rest_route=\/wp\/v2\/pages"}],"about":[{"href":"https:\/\/www.sommercamp-wiedermann.at\/index.php?rest_route=\/wp\/v2\/types\/page"}],"author":[{"embeddable":true,"href":"https:\/\/www.sommercamp-wiedermann.at\/index.php?rest_route=\/wp\/v2\/users\/1"}],"replies":[{"embeddable":true,"href":"https:\/\/www.sommercamp-wiedermann.at\/index.php?rest_route=%2Fwp%2Fv2%2Fcomments&post=24"}],"version-history":[{"count":3,"href":"https:\/\/www.sommercamp-wiedermann.at\/index.php?rest_route=\/wp\/v2\/pages\/24\/revisions"}],"predecessor-version":[{"id":3532,"href":"https:\/\/www.sommercamp-wiedermann.at\/index.php?rest_route=\/wp\/v2\/pages\/24\/revisions\/3532"}],"wp:attachment":[{"href":"https:\/\/www.sommercamp-wiedermann.at\/index.php?rest_route=%2Fwp%2Fv2%2Fmedia&parent=24"}],"curies":[{"name":"wp","href":"https:\/\/api.w.org\/{rel}","templated":true}]}}