{"id":2,"date":"2014-11-23T15:08:27","date_gmt":"2014-11-23T15:08:27","guid":{"rendered":"http:\/\/www.sommercamp-wiedermann.at\/?page_id=2"},"modified":"2025-09-01T13:42:56","modified_gmt":"2025-09-01T11:42:56","slug":"beispiel-seite","status":"publish","type":"page","link":"https:\/\/www.sommercamp-wiedermann.at\/","title":{"rendered":"18 Jahre Sommercamp in Karnabrunn!"},"content":{"rendered":"<p>Vor 18 Jahren war es nur eine Idee und heute freuen wir uns schon das ganze Jahr darauf!<\/p>\n<p>Sommercamp in Karnabrunn!!!<\/p>\n<p>Auf diesem Weg m\u00f6chte ich mich bei meinen Mitstreiterinnen der ersten Stunden bedanken. Allen voran Kathrin, ohne der ich das Abenteuer nie gewagt h\u00e4tte. Wir haben vieles probiert, noch mehr verworfen und einiges beibehalten. Mit jungen 16 Jahren ist Steffi das erste Mal zum Dienst angetreten und mit 30 Jahren immer noch dabei. Wir haben die meisten Wochen miteinander gelacht, geweint, getobt und genossen. Ohne Cathy h\u00e4tte ich mich nie getraut auch Camps f\u00fcr Jungs zu veranstalten. Dank\u00b4 Ihrer Unterst\u00fctzung sind diese Wochen immer ein besonderes Erlebnis. Durch Babypause ausgefallen, aber wieder zu unserem Team zur\u00fcck gekehrt, ist Kerstin. Ich danke allen aus meinem Team f\u00fcr Ihre Bereitschaft 5 Tage Entbehrungen und Stress, aber auch Spa\u00df und sehr viel Freude auf sich zu nehmen.<\/p>\n<p>&nbsp;<\/p>\n<p>Bald ist es wieder soweit \ud83d\ude09 Diesen Sommer gibt es zum 18. Mal das legend\u00e4re Sommercamp f\u00fcr M\u00e4dchen und Buben im Alter von 6 bis 16 Jahren. Die Idee ist, das Erleben von Natur und die Gemeinschaft mit Tieren den Kindern n\u00e4her zu bringen. Ab sofort begleiten uns Sissi, eine Zwergeselin, Susi, eine H\u00fcndin, und Bernhard, ein Zwergesel, bei den Campwochen. Sissi und Bernhard leben mit uns im Garten und wir f\u00fchren sie jeden Tag zum Spazieren aus. In den Sommermonaten stehen die beiden Eseln in Nachbarsgarten und wir gehen mit ihnen spazieren. Leider mussten wir uns im Dezember von Emmi, unsere Eseldame, verabschieden. Sie ist friedlich im Garten eingeschlafen, viel zu jung viel zu fr\u00fch. Um Bernhard so bald wie m\u00f6glich wieder einen Freund an die Seite zu stellen, kam er nach Leoben zur Eselsrettung \u00d6sterreich. Nach 2 Wochen hat der Bernhard die Sissi gefunden und gemeinsam nach Hause nach Karnabrunn gebracht. So sind wir wieder komplett!<\/p>\n<p><a href=\"http:\/\/www.sommercamp-wiedermann.at\/wp-content\/uploads\/2014\/11\/P1080001.jpg\"><img loading=\"lazy\" decoding=\"async\" class=\"aligncenter size-medium wp-image-3754\" src=\"http:\/\/www.sommercamp-wiedermann.at\/wp-content\/uploads\/2014\/11\/P1080001-300x225.jpg\" alt=\"P1080001\" width=\"300\" height=\"225\" srcset=\"https:\/\/www.sommercamp-wiedermann.at\/wp-content\/uploads\/2014\/11\/P1080001-300x225.jpg 300w, https:\/\/www.sommercamp-wiedermann.at\/wp-content\/uploads\/2014\/11\/P1080001-1024x768.jpg 1024w\" sizes=\"auto, (max-width: 300px) 100vw, 300px\" \/><\/a><\/p>\n<p>Das Areal, auf dem wir uns austoben k\u00f6nnen, umfasst eine Gartenfl\u00e4che von ca. 1300 m2. Es besteht aus 2 Ebenen, wobei unser Camp am oberen Plateau aufgebaut ist.<\/p>\n<p>&nbsp;<\/p>\n","protected":false},"excerpt":{"rendered":"<p class=\"excerpt\">Vor 18 Jahren war es nur eine Idee und heute freuen wir uns schon das ganze Jahr darauf! Sommercamp in Karnabrunn!!! Auf diesem Weg m\u00f6chte ich mich bei meinen Mitstreiterinnen der ersten Stunden bedanken. Allen voran Kathrin, ohne der ich das Abenteuer nie gewagt h\u00e4tte. Wir haben vieles probiert, noch mehr verworfen und einiges beibehalten. Mit jungen 16 Jahren ist&hellip; <a href=\"https:\/\/www.sommercamp-wiedermann.at\/\">Read more &rarr;<\/a><\/p>\n","protected":false},"author":1,"featured_media":0,"parent":0,"menu_order":0,"comment_status":"closed","ping_status":"closed","template":"","meta":{"ngg_post_thumbnail":0,"footnotes":""},"class_list":["post-2","page","type-page","status-publish","hentry","xfolkentry"],"_links":{"self":[{"href":"https:\/\/www.sommercamp-wiedermann.at\/index.php?rest_route=\/wp\/v2\/pages\/2","targetHints":{"allow":["GET"]}}],"collection":[{"href":"https:\/\/www.sommercamp-wiedermann.at\/index.php?rest_route=\/wp\/v2\/pages"}],"about":[{"href":"https:\/\/www.sommercamp-wiedermann.at\/index.php?rest_route=\/wp\/v2\/types\/page"}],"author":[{"embeddable":true,"href":"https:\/\/www.sommercamp-wiedermann.at\/index.php?rest_route=\/wp\/v2\/users\/1"}],"replies":[{"embeddable":true,"href":"https:\/\/www.sommercamp-wiedermann.at\/index.php?rest_route=%2Fwp%2Fv2%2Fcomments&post=2"}],"version-history":[{"count":32,"href":"https:\/\/www.sommercamp-wiedermann.at\/index.php?rest_route=\/wp\/v2\/pages\/2\/revisions"}],"predecessor-version":[{"id":5556,"href":"https:\/\/www.sommercamp-wiedermann.at\/index.php?rest_route=\/wp\/v2\/pages\/2\/revisions\/5556"}],"wp:attachment":[{"href":"https:\/\/www.sommercamp-wiedermann.at\/index.php?rest_route=%2Fwp%2Fv2%2Fmedia&parent=2"}],"curies":[{"name":"wp","href":"https:\/\/api.w.org\/{rel}","templated":true}]}}